{"id":10,"date":"2016-03-07T09:18:41","date_gmt":"2016-03-07T09:18:41","guid":{"rendered":"http:\/\/tbtanacsadas.hu\/?page_id=10"},"modified":"2022-01-04T09:11:17","modified_gmt":"2022-01-04T09:11:17","slug":"rolam","status":"publish","type":"page","link":"https:\/\/tbtanacsadas.hu\/\/rolam\/","title":{"rendered":"R\u00f3lam"},"content":{"rendered":"<p style=\"text-align: justify;\">Bagoly Anita vagyok.<\/p>\n<p style=\"text-align: justify;\">25 \u00e9ve foglalkozom t\u00e1rsadalombiztos\u00edt\u00e1ssal, melyb\u0151l t\u00f6bb mint 13 \u00e9vig p\u00e9nzbeli ell\u00e1t\u00e1si szakter\u00fcleten voltam vezet\u0151 beoszt\u00e1sban.<\/p>\n<p style=\"text-align: justify;\">Sokszor tapasztaltam\u00a0\u00e9s\u00a0tapasztalom ma is, hogy a jogszab\u00e1lyok rengeteg\u00e9ben nehezen igazodnak el azok, akik gyermeket v\u00e1llalnak, betegek esetleg munkahely\u00fck\u00f6n balesetet szenvedtek vagy \u00e9ppen munka\u00fcgyi per r\u00e9szesei.<\/p>\n<p style=\"text-align: justify;\">A k\u00f6znyelven forg\u00f3 sok mozaikn\u00e9v \u2013 CSED, GYED, GYES, GYET, THGYS, TGY\u00c1S, GY\u00c1S, GY\u00c1P, TP, BTP \u2014 azonos cseng\u00e9s\u00fck miatt gyakran megt\u00e9veszt\u0151ek.<\/p>\n<p style=\"text-align: justify;\">Lehet, hogy csal\u00e1dotokban, ismerets\u00e9gi k\u00f6r\u00f6t\u00f6kben is el\u0151fordult, hogy \u00f6nhib\u00e1tokon k\u00edv\u00fcl nem a legmagasabb \u00f6sszegben j\u00e1r\u00f3 ell\u00e1t\u00e1st ig\u00e9nyelt\u00e9k meg, \u00edgy ak\u00e1r h\u00f3napokon, \u00e9veken kereszt\u00fcl is a csal\u00e1d alacsonyabb k\u00f6lts\u00e9gvet\u00e9sb\u0151l volt k\u00e9nytelen meg\u00e9lni.<\/p>\n<p style=\"text-align: justify;\">K\u00e9tgyermekes anyukak\u00e9nt is tudom, hogy a sz\u00e1mtalan internetes oldalon megtal\u00e1lhat\u00f3 \u00e1ltal\u00e1nos t\u00e1j\u00e9koztat\u00f3k legt\u00f6bb esetben egyszer\u0171en nem seg\u00edtenek. T\u00fal \u00e1ltal\u00e1nosak \u00e9s szem\u00e9lytelenek jogi nyelvezet\u00fck miatt nehezen \u00e9rthet\u0151ek. Az \u00e1lland\u00f3an v\u00e1ltoz\u00f3 jogszab\u00e1lyok halmaza tov\u00e1bb bonyol\u00edtja a helyzetet<\/p>\n<p style=\"text-align: justify;\">Vallom, hogy nincs k\u00e9t egyforma \u00e9lethelyzet. \u00a0Arra v\u00e1llalkozom \u00e9s egyben k\u00fcldet\u00e9semnek is tekintem, hogy a p\u00e9nzbeli ell\u00e1t\u00e1si lehet\u0151s\u00e9gekr\u0151l\u00a0szem\u00e9lyre szabottan, mindenre kiterjed\u0151en, r\u00e9szletes tan\u00e1csokat adjak.\u00a0Ezen a szakter\u00fcleten megszerzett tud\u00e1sommal, tan\u00e1csad\u00f3k\u00e9nt azon dolgozom, hogy minden \u00fcgyfelem megkapja a <strong>neki j\u00e1r\u00f3<\/strong> <strong>legjobb ell\u00e1t\u00e1st<\/strong>, <strong>a lehet\u0151 legmagasabb \u00f6sszegben.<\/strong><\/p>\n<p>Nem titok: a szakm\u00e1m egyben a hobbim is.<\/p>\n<p>Szerencs\u00e9s ember vagyok, hogy azzal foglalkozhatom, amihez \u00e9rtek, amihez v\u00e9gzetts\u00e9gem van, \u00e9s amit szeretek csin\u00e1lni. SEG\u00cdTENI!<\/p>\n<p>Egyszer\u0171 a k\u00e9plet: KERESS MEG \u2014 SEG\u00cdTEK \u2014 \u00cdGY, A LEHET\u0150 LEGMAGASABB ELL\u00c1T\u00c1SHOZ JUTSZ!<\/p>\n","protected":false},"excerpt":{"rendered":"<p>Bagoly Anita vagyok. 25 \u00e9ve foglalkozom t\u00e1rsadalombiztos\u00edt\u00e1ssal, melyb\u0151l t\u00f6bb mint 13 \u00e9vig p\u00e9nzbeli ell\u00e1t\u00e1si szakter\u00fcleten voltam vezet\u0151 beoszt\u00e1sban. Sokszor tapasztaltam\u00a0\u00e9s\u00a0tapasztalom ma is, hogy a jogszab\u00e1lyok rengeteg\u00e9ben nehezen igazodnak el azok, akik gyermeket v\u00e1llalnak, betegek esetleg munkahely\u00fck\u00f6n balesetet szenvedtek vagy \u00e9ppen munka\u00fcgyi per r\u00e9szesei. A k\u00f6znyelven forg\u00f3 sok mozaikn\u00e9v \u2013 CSED, GYED, GYES, GYET, THGYS, TGY\u00c1S, [&hellip;]<\/p>\n","protected":false},"author":1,"featured_media":0,"parent":0,"menu_order":0,"comment_status":"closed","ping_status":"closed","template":"","meta":[],"_links":{"self":[{"href":"https:\/\/tbtanacsadas.hu\/\/wp-json\/wp\/v2\/pages\/10"}],"collection":[{"href":"https:\/\/tbtanacsadas.hu\/\/wp-json\/wp\/v2\/pages"}],"about":[{"href":"https:\/\/tbtanacsadas.hu\/\/wp-json\/wp\/v2\/types\/page"}],"author":[{"embeddable":true,"href":"https:\/\/tbtanacsadas.hu\/\/wp-json\/wp\/v2\/users\/1"}],"replies":[{"embeddable":true,"href":"https:\/\/tbtanacsadas.hu\/\/wp-json\/wp\/v2\/comments?post=10"}],"version-history":[{"count":8,"href":"https:\/\/tbtanacsadas.hu\/\/wp-json\/wp\/v2\/pages\/10\/revisions"}],"predecessor-version":[{"id":251,"href":"https:\/\/tbtanacsadas.hu\/\/wp-json\/wp\/v2\/pages\/10\/revisions\/251"}],"wp:attachment":[{"href":"https:\/\/tbtanacsadas.hu\/\/wp-json\/wp\/v2\/media?parent=10"}],"curies":[{"name":"wp","href":"https:\/\/api.w.org\/{rel}","templated":true}]}}