{"id":20,"date":"2016-03-07T09:28:25","date_gmt":"2016-03-07T09:28:25","guid":{"rendered":"http:\/\/tbtanacsadas.hu\/?page_id=20"},"modified":"2018-12-29T15:17:36","modified_gmt":"2018-12-29T15:17:36","slug":"tanacsadas-menete","status":"publish","type":"page","link":"https:\/\/tbtanacsadas.hu\/\/tanacsadas-menete\/","title":{"rendered":"Tan\u00e1csad\u00e1s menete"},"content":{"rendered":"<p style=\"text-align: justify;\">A tan\u00e1csad\u00e1s ig\u00e9nybev\u00e9tel\u00e9hez k\u00e9rlek t\u00f6ltsd ki a lenti \u0171rlapot.\u00a0Ez nem jelent regisztr\u00e1ci\u00f3t, kiz\u00e1r\u00f3lag arra szolg\u00e1l, hogy el\u0151 tudjam k\u00e9sz\u00edteni a konzult\u00e1ci\u00f3t. Ha nincs kedved, vagy lehet\u0151s\u00e9ged levelet \u00edrni, \u00fagy keress telefonon, hogy id\u0151pontot egyeztess\u00fcnk!<\/p>\n<p style=\"text-align: justify;\">[contact-form-7 id=&#8221;40&#8243; title=&#8221;kapcsolat&#8221;]<\/p>\n<p>Amennyiben a tan\u00e1csad\u00e1s l\u00e9trej\u00f6n, \u00fagy az e-mail elektronikus \u00faton megk\u00f6t\u00f6tt szerz\u0151d\u00e9snek min\u0151s\u00fcl, amelyre az elektronikus kereskedelmi szolg\u00e1ltat\u00e1sok, valamint az inform\u00e1ci\u00f3s t\u00e1rsadalommal \u00f6sszef\u00fcgg\u0151 szolg\u00e1ltat\u00e1sok egyes k\u00e9rd\u00e9seir\u0151l sz\u00f3l\u00f3 2001. \u00e9vi CVIII. t\u00f6rv\u00e9ny 5. \u00e9s 6. \u00a7-\u00e1ban foglaltak megfelel\u0151en ir\u00e1nyad\u00f3ak. A szerz\u0151d\u00e9s a\u00a0fogyaszt\u00f3 \u00e9s v\u00e1llalkoz\u00e1s k\u00f6z\u00f6tti szerz\u0151d\u00e9sek szab\u00e1lyair\u00f3l sz\u00f3l\u00f3 45\/2014. (II.26.) Korm\u00e1nyrendelet hat\u00e1lya al\u00e1 tartozik.<\/p>\n<p>Leveled be\u00e9rkez\u00e9s\u00e9t k\u00f6vet\u0151en felveszem veled telefonon, vagy e-mailen a kapcsolatot \u00e9s egyeztet\u00fcnk egy sz\u00e1modra is megfelel\u0151 id\u0151pontot.<\/p>\n<p>Amennyiben megrendel\u00e9seddel \/ emaileddel kapcsolatban nem kapsz visszajelz\u00e9st 2 munkanapon bel\u00fcl, k\u00e9rlek, keress meg az al\u00e1bbi telefonsz\u00e1mon!<\/p>\n<p>Telefon: 06-30-519-0905<\/p>\n<p>A tan\u00e1csad\u00e1s d\u00edj\u00e1r\u00f3l a sz\u00e1ml\u00e1t megkaphatod:<\/p>\n<ul>\n<li>szem\u00e9lyesen<\/li>\n<li>postai \u00faton<\/li>\n<\/ul>\n","protected":false},"excerpt":{"rendered":"<p>A tan\u00e1csad\u00e1s ig\u00e9nybev\u00e9tel\u00e9hez k\u00e9rlek t\u00f6ltsd ki a lenti \u0171rlapot.\u00a0Ez nem jelent regisztr\u00e1ci\u00f3t, kiz\u00e1r\u00f3lag arra szolg\u00e1l, hogy el\u0151 tudjam k\u00e9sz\u00edteni a konzult\u00e1ci\u00f3t. Ha nincs kedved, vagy lehet\u0151s\u00e9ged levelet \u00edrni, \u00fagy keress telefonon, hogy id\u0151pontot egyeztess\u00fcnk! [contact-form-7 id=&#8221;40&#8243; title=&#8221;kapcsolat&#8221;] Amennyiben a tan\u00e1csad\u00e1s l\u00e9trej\u00f6n, \u00fagy az e-mail elektronikus \u00faton megk\u00f6t\u00f6tt szerz\u0151d\u00e9snek min\u0151s\u00fcl, amelyre az elektronikus kereskedelmi szolg\u00e1ltat\u00e1sok, valamint [&hellip;]<\/p>\n","protected":false},"author":1,"featured_media":82,"parent":0,"menu_order":0,"comment_status":"closed","ping_status":"closed","template":"","meta":[],"_links":{"self":[{"href":"https:\/\/tbtanacsadas.hu\/\/wp-json\/wp\/v2\/pages\/20"}],"collection":[{"href":"https:\/\/tbtanacsadas.hu\/\/wp-json\/wp\/v2\/pages"}],"about":[{"href":"https:\/\/tbtanacsadas.hu\/\/wp-json\/wp\/v2\/types\/page"}],"author":[{"embeddable":true,"href":"https:\/\/tbtanacsadas.hu\/\/wp-json\/wp\/v2\/users\/1"}],"replies":[{"embeddable":true,"href":"https:\/\/tbtanacsadas.hu\/\/wp-json\/wp\/v2\/comments?post=20"}],"version-history":[{"count":19,"href":"https:\/\/tbtanacsadas.hu\/\/wp-json\/wp\/v2\/pages\/20\/revisions"}],"predecessor-version":[{"id":229,"href":"https:\/\/tbtanacsadas.hu\/\/wp-json\/wp\/v2\/pages\/20\/revisions\/229"}],"wp:featuredmedia":[{"embeddable":true,"href":"https:\/\/tbtanacsadas.hu\/\/wp-json\/wp\/v2\/media\/82"}],"wp:attachment":[{"href":"https:\/\/tbtanacsadas.hu\/\/wp-json\/wp\/v2\/media?parent=20"}],"curies":[{"name":"wp","href":"https:\/\/api.w.org\/{rel}","templated":true}]}}