{"id":230,"date":"2019-01-02T11:28:02","date_gmt":"2019-01-02T11:28:02","guid":{"rendered":"http:\/\/tbtanacsadas.hu\/?page_id=230"},"modified":"2024-06-26T02:34:08","modified_gmt":"2024-06-26T02:34:08","slug":"szakmaknak","status":"publish","type":"page","link":"https:\/\/tbtanacsadas.hu\/\/szolgaltatasaim\/szakmaknak\/","title":{"rendered":"Szakm\u00e1nak"},"content":{"rendered":"<p><strong>Tisztelt C\u00e9gvezet\u0151k!<\/strong><\/p>\n<p><strong>\u00a0<\/strong>El\u0151ad\u00e1saim r\u00e9sztvev\u0151i, illetve a t\u00e1rsadalombiztos\u00edt\u00e1si \u00fcgyint\u00e9z\u0151i tanfolyam hallgat\u00f3i az elm\u00falt \u00e9vekben t\u00f6bbsz\u00f6r fordultak hozz\u00e1m azzal a k\u00e9rd\u00e9ssel, k\u00e9r\u00e9ssel, hogy a t\u00e1rsadalombiztos\u00edt\u00e1shoz kapcsol\u00f3d\u00f3 munk\u00e1ltat\u00f3i, illetve kifizet\u0151helyi feladatok ell\u00e1t\u00e1sa sor\u00e1n tan\u00e1csad\u00e1sra lenne sz\u00fcks\u00e9g\u00fck.<\/p>\n<p><strong>M\u00e1ra m\u00e1r kialakult az a tev\u00e9kenys\u00e9gi k\u00f6r, melyben tan\u00e1csad\u00f3k\u00e9nt, illetve szak\u00e9rt\u0151k\u00e9nt ak\u00e1r az \u00d6n c\u00e9g\u00e9nek a munk\u00e1j\u00e1ban is seg\u00edteni tudok!<\/strong><\/p>\n<p><strong>Amiben seg\u00edtek:<\/strong><\/p>\n<ul>\n<li>hogyan lehet megval\u00f3s\u00edtani a t\u00e1rsadalombiztos\u00edt\u00e1shoz kapcsol\u00f3d\u00f3 munk\u00e1ltat\u00f3i feladatokat a gyakorlatban az \u00d6n c\u00e9g\u00e9n\u00e9l, illetve egy\u00e1ltal\u00e1n megval\u00f3sulnak-e \u00d6n\u00f6kn\u00e9l a jogszab\u00e1ly \u00e1ltal el\u0151\u00edrt elj\u00e1r\u00e1sok,<\/li>\n<li>t\u00e1rsadalombiztos\u00edt\u00e1si kifizet\u0151hely indul\u00e1sa el\u0151tti feladatokat r\u00e9szletesen egyeztetj\u00fck,<\/li>\n<li>ott vagyok az els\u0151 l\u00e9p\u00e9sekn\u00e9l mikor m\u00e1r a kifizet\u0151helyi feladatok \u00e9lesben elindulnak,<\/li>\n<li>a mindennapi munka sor\u00e1n felmer\u00fcl\u0151 k\u00e9rd\u00e9seket \u00e1tbesz\u00e9lj\u00fck, ak\u00e1r a helysz\u00ednen, ak\u00e1r telefonon,<\/li>\n<li>ellen\u0151rz\u00e9seket megel\u0151z\u0151en \u00e1tn\u00e9zem a hat\u00f3s\u00e1g \u00e1ltal kiv\u00e1lasztott iratanyagokat,<\/li>\n<li>\u00faj jogszab\u00e1lyok gyakorlati alkalmaz\u00e1s\u00e1hoz el\u0151ad\u00e1st tartok a helysz\u00ednen,<\/li>\n<li>egyedi k\u00e9rd\u00e9sekben seg\u00edts\u00e9get ny\u00fajtok.<\/li>\n<\/ul>\n<p>Term\u00e9szetesen minden munk\u00e1ltat\u00f3nak m\u00e1s \u00e9s m\u00e1s seg\u00edts\u00e9gre lehet sz\u00fcks\u00e9ge, \u00edgy ak\u00e1r a fentiek k\u00f6z\u00fcl egy feladatra is v\u00e1llalok megb\u00edz\u00e1st, vagy olyan feladatra is sz\u00fcks\u00e9ge lehet, melyet nem tal\u00e1l a felsorol\u00e1sban.<\/p>\n<p>Tan\u00e1csad\u00f3i, illetve szak\u00e9rt\u0151i tev\u00e9kenys\u00e9gemet eseti, hat\u00e1rozott idej\u0171, vagy hat\u00e1rozatlan idej\u0171 megb\u00edz\u00e1si szerz\u0151d\u00e9s alapj\u00e1n v\u00e9gzem.<\/p>\n<p><strong>Eseti megb\u00edz\u00e1s eset\u00e9n tan\u00e1csad\u00f3i d\u00edjam 40.000,- ft\/ alkalom<\/strong><\/p>\n<p>Amennyiben nem az eseti megb\u00edz\u00e1st v\u00e1lasztja, \u00fagy d\u00edjaz\u00e1somat az els\u0151 szem\u00e9lyes tal\u00e1lkoz\u00e1sunk sor\u00e1n egyeztetj\u00fck. Az \u00e1r att\u00f3l f\u00fcgg, hogy az \u00d6n c\u00e9g\u00e9nek mely szolg\u00e1ltat\u00e1somra, illetve milyen id\u0151tartamra lenne sz\u00fcks\u00e9ge.<\/p>\n<p><strong>Egy olyan szolg\u00e1ltat\u00e1st aj\u00e1nlok \u00d6nnek, melynek ig\u00e9nybev\u00e9tel\u00e9vel minim\u00e1lisra cs\u00f6kkentheti a helytelen elj\u00e1r\u00e1sok kock\u00e1zat\u00e1t, azaz elker\u00fclhet\u0151v\u00e9 v\u00e1lik a hat\u00f3s\u00e1g b\u00fcntet\u00e9s\u00e9nek kiszab\u00e1sa.<\/strong><\/p>\n","protected":false},"excerpt":{"rendered":"<p>Tisztelt C\u00e9gvezet\u0151k! \u00a0El\u0151ad\u00e1saim r\u00e9sztvev\u0151i, illetve a t\u00e1rsadalombiztos\u00edt\u00e1si \u00fcgyint\u00e9z\u0151i tanfolyam hallgat\u00f3i az elm\u00falt \u00e9vekben t\u00f6bbsz\u00f6r fordultak hozz\u00e1m azzal a k\u00e9rd\u00e9ssel, k\u00e9r\u00e9ssel, hogy a t\u00e1rsadalombiztos\u00edt\u00e1shoz kapcsol\u00f3d\u00f3 munk\u00e1ltat\u00f3i, illetve kifizet\u0151helyi feladatok ell\u00e1t\u00e1sa sor\u00e1n tan\u00e1csad\u00e1sra lenne sz\u00fcks\u00e9g\u00fck. M\u00e1ra m\u00e1r kialakult az a tev\u00e9kenys\u00e9gi k\u00f6r, melyben tan\u00e1csad\u00f3k\u00e9nt, illetve szak\u00e9rt\u0151k\u00e9nt ak\u00e1r az \u00d6n c\u00e9g\u00e9nek a munk\u00e1j\u00e1ban is seg\u00edteni tudok! Amiben seg\u00edtek: [&hellip;]<\/p>\n","protected":false},"author":1,"featured_media":0,"parent":13,"menu_order":0,"comment_status":"closed","ping_status":"closed","template":"","meta":[],"_links":{"self":[{"href":"https:\/\/tbtanacsadas.hu\/\/wp-json\/wp\/v2\/pages\/230"}],"collection":[{"href":"https:\/\/tbtanacsadas.hu\/\/wp-json\/wp\/v2\/pages"}],"about":[{"href":"https:\/\/tbtanacsadas.hu\/\/wp-json\/wp\/v2\/types\/page"}],"author":[{"embeddable":true,"href":"https:\/\/tbtanacsadas.hu\/\/wp-json\/wp\/v2\/users\/1"}],"replies":[{"embeddable":true,"href":"https:\/\/tbtanacsadas.hu\/\/wp-json\/wp\/v2\/comments?post=230"}],"version-history":[{"count":6,"href":"https:\/\/tbtanacsadas.hu\/\/wp-json\/wp\/v2\/pages\/230\/revisions"}],"predecessor-version":[{"id":277,"href":"https:\/\/tbtanacsadas.hu\/\/wp-json\/wp\/v2\/pages\/230\/revisions\/277"}],"up":[{"embeddable":true,"href":"https:\/\/tbtanacsadas.hu\/\/wp-json\/wp\/v2\/pages\/13"}],"wp:attachment":[{"href":"https:\/\/tbtanacsadas.hu\/\/wp-json\/wp\/v2\/media?parent=230"}],"curies":[{"name":"wp","href":"https:\/\/api.w.org\/{rel}","templated":true}]}}