{"id":26,"date":"2016-03-07T09:40:04","date_gmt":"2016-03-07T09:40:04","guid":{"rendered":"http:\/\/tbtanacsadas.hu\/?page_id=26"},"modified":"2022-01-04T09:36:18","modified_gmt":"2022-01-04T09:36:18","slug":"kapcsolat","status":"publish","type":"page","link":"https:\/\/tbtanacsadas.hu\/\/kapcsolat\/","title":{"rendered":"Kapcsolat"},"content":{"rendered":"<p>Telefonsz\u00e1m: 06-30-519-0905<\/p>\n<p>e-mail: bagolyanita68@gmail.com<\/p>\n<p>Tan\u00e1csad\u00e1s:<\/p>\n<p>H\u00e9tf\u0151t\u0151l p\u00e9ntekig:\u00a0 7:00 \u00e9s 19:00 k\u00f6z\u00f6tt<\/p>\n<p>Ha ett\u0151l elt\u00e9r\u0151 id\u0151pontban lenne j\u00f3 Neked, k\u00e9rlek, jelezd \u00e9s megtal\u00e1ljuk a sz\u00e1modra megfelel\u0151 id\u0151pontot.<\/p>\n<p>&nbsp;<\/p>\n<p>&nbsp;<\/p>\n<p>&nbsp;<\/p>\n<p>&nbsp;<\/p>\n<p>&nbsp;<\/p>\n","protected":false},"excerpt":{"rendered":"<p>Telefonsz\u00e1m: 06-30-519-0905 e-mail: bagolyanita68@gmail.com Tan\u00e1csad\u00e1s: H\u00e9tf\u0151t\u0151l p\u00e9ntekig:\u00a0 7:00 \u00e9s 19:00 k\u00f6z\u00f6tt Ha ett\u0151l elt\u00e9r\u0151 id\u0151pontban lenne j\u00f3 Neked, k\u00e9rlek, jelezd \u00e9s megtal\u00e1ljuk a sz\u00e1modra megfelel\u0151 id\u0151pontot. &nbsp; &nbsp; &nbsp; &nbsp; &nbsp;<\/p>\n","protected":false},"author":1,"featured_media":84,"parent":0,"menu_order":0,"comment_status":"closed","ping_status":"closed","template":"","meta":[],"_links":{"self":[{"href":"https:\/\/tbtanacsadas.hu\/\/wp-json\/wp\/v2\/pages\/26"}],"collection":[{"href":"https:\/\/tbtanacsadas.hu\/\/wp-json\/wp\/v2\/pages"}],"about":[{"href":"https:\/\/tbtanacsadas.hu\/\/wp-json\/wp\/v2\/types\/page"}],"author":[{"embeddable":true,"href":"https:\/\/tbtanacsadas.hu\/\/wp-json\/wp\/v2\/users\/1"}],"replies":[{"embeddable":true,"href":"https:\/\/tbtanacsadas.hu\/\/wp-json\/wp\/v2\/comments?post=26"}],"version-history":[{"count":13,"href":"https:\/\/tbtanacsadas.hu\/\/wp-json\/wp\/v2\/pages\/26\/revisions"}],"predecessor-version":[{"id":269,"href":"https:\/\/tbtanacsadas.hu\/\/wp-json\/wp\/v2\/pages\/26\/revisions\/269"}],"wp:featuredmedia":[{"embeddable":true,"href":"https:\/\/tbtanacsadas.hu\/\/wp-json\/wp\/v2\/media\/84"}],"wp:attachment":[{"href":"https:\/\/tbtanacsadas.hu\/\/wp-json\/wp\/v2\/media?parent=26"}],"curies":[{"name":"wp","href":"https:\/\/api.w.org\/{rel}","templated":true}]}}