{"id":296,"date":"2025-01-17T13:55:37","date_gmt":"2025-01-17T13:55:37","guid":{"rendered":"http:\/\/tbtanacsadas.hu\/?page_id=296"},"modified":"2025-01-17T15:16:40","modified_gmt":"2025-01-17T15:16:40","slug":"kezdolap","status":"publish","type":"page","link":"https:\/\/tbtanacsadas.hu\/\/","title":{"rendered":"Kezd\u0151lap"},"content":{"rendered":"\n<p><strong>K\u00e9rdezz, hogy seg\u00edthessek! Minden, ami TB tan\u00e1csad\u00e1s!&nbsp;<\/strong><\/p>\n\n\n\n<h5 class=\"wp-block-heading\"><strong>&nbsp; &nbsp; &nbsp; &nbsp; &#8222;A jogosults\u00e1g megszerz\u00e9se egy magasabb \u00f6sszeg\u0171 ell\u00e1t\u00e1sra nem lehetetlen!&#8221;<\/strong><\/h5>\n\n\n\n<p>Nincs k\u00e9t egyforma \u00e9lethelyzet. Szem\u00e9lyre szabott tan\u00e1csaimmal el fogsz tudni igazodni, hogy az ell\u00e1t\u00e1sok k\u00f6z\u00fcl \u2014csecsem\u0151gondoz\u00e1si d\u00edj (CSED), gyermekgondoz\u00e1si d\u00edj (GYED), gyermeknevel\u00e9si t\u00e1mogat\u00e1s (GYET), gyermekgondoz\u00e1st seg\u00edt\u0151 ell\u00e1t\u00e1s (GYES), t\u00e1pp\u00e9nz, baleseti t\u00e1pp\u00e9nz, csal\u00e1di p\u00f3tl\u00e9k (CSP), anyas\u00e1gi t\u00e1mogat\u00e1s \u2014 mikor \u00e9s milyen \u00f6sszegben lehetsz jogosult.<\/p>\n\n\n\n<p>Kismam\u00e1k, Kispap\u00e1k, Anyuk\u00e1k, Apuk\u00e1k \u00e9s a gyermekek ell\u00e1t\u00e1s\u00e1ban nekik seg\u00edt\u0151 Nagymam\u00e1k, Nagypap\u00e1k, valamint a betegek, munkahelyi balesetet szenved\u0151k kiesnek a mindennapi munk\u00e1b\u00f3l, ez\u00e9rt nem mindegy, hogy ilyen \u00e9lethelyzetekben a csal\u00e1doknak milyen \u00f6sszegb\u0151l kell meg\u00e9lni\u00fck.<\/p>\n\n\n\n<p>Mindenkinek \u00e9rdeke, hogy tudja mikor, milyen p\u00e9nzbeli ell\u00e1t\u00e1sokat vehet ig\u00e9nybe.<\/p>\n\n\n\n<p>Van v\u00e1laszt\u00e1si lehet\u0151s\u00e9ged!<\/p>\n\n\n\n<p>Keress fel, \u00e9s megtal\u00e1ljuk a sz\u00e1modra legjobb megold\u00e1st!<\/p>\n\n\n\n<p><em>&#8222;Bagoly Anita&#8221;<\/em><\/p>\n\n\n\n<p><em>TB Tan\u00e1csad\u00f3<\/em><\/p>\n\n\n\n<p><em>Budapest<\/em><\/p>\n","protected":false},"excerpt":{"rendered":"<p>K\u00e9rdezz, hogy seg\u00edthessek! Minden, ami TB tan\u00e1csad\u00e1s!&nbsp; &nbsp; &nbsp; &nbsp; &nbsp; &#8222;A jogosults\u00e1g megszerz\u00e9se egy magasabb \u00f6sszeg\u0171 ell\u00e1t\u00e1sra nem lehetetlen!&#8221; Nincs k\u00e9t egyforma \u00e9lethelyzet. Szem\u00e9lyre szabott tan\u00e1csaimmal el fogsz tudni igazodni, hogy az ell\u00e1t\u00e1sok k\u00f6z\u00fcl \u2014csecsem\u0151gondoz\u00e1si d\u00edj (CSED), gyermekgondoz\u00e1si d\u00edj (GYED), gyermeknevel\u00e9si t\u00e1mogat\u00e1s (GYET), gyermekgondoz\u00e1st seg\u00edt\u0151 ell\u00e1t\u00e1s (GYES), t\u00e1pp\u00e9nz, baleseti t\u00e1pp\u00e9nz, csal\u00e1di p\u00f3tl\u00e9k (CSP), anyas\u00e1gi [&hellip;]<\/p>\n","protected":false},"author":1,"featured_media":0,"parent":0,"menu_order":0,"comment_status":"closed","ping_status":"closed","template":"","meta":[],"_links":{"self":[{"href":"https:\/\/tbtanacsadas.hu\/\/wp-json\/wp\/v2\/pages\/296"}],"collection":[{"href":"https:\/\/tbtanacsadas.hu\/\/wp-json\/wp\/v2\/pages"}],"about":[{"href":"https:\/\/tbtanacsadas.hu\/\/wp-json\/wp\/v2\/types\/page"}],"author":[{"embeddable":true,"href":"https:\/\/tbtanacsadas.hu\/\/wp-json\/wp\/v2\/users\/1"}],"replies":[{"embeddable":true,"href":"https:\/\/tbtanacsadas.hu\/\/wp-json\/wp\/v2\/comments?post=296"}],"version-history":[{"count":1,"href":"https:\/\/tbtanacsadas.hu\/\/wp-json\/wp\/v2\/pages\/296\/revisions"}],"predecessor-version":[{"id":297,"href":"https:\/\/tbtanacsadas.hu\/\/wp-json\/wp\/v2\/pages\/296\/revisions\/297"}],"wp:attachment":[{"href":"https:\/\/tbtanacsadas.hu\/\/wp-json\/wp\/v2\/media?parent=296"}],"curies":[{"name":"wp","href":"https:\/\/api.w.org\/{rel}","templated":true}]}}